{"id":6283,"date":"2021-12-15T17:46:51","date_gmt":"2021-12-15T17:46:51","guid":{"rendered":"https:\/\/soundbooking.pt\/information-request-budget\/"},"modified":"2021-12-15T17:46:53","modified_gmt":"2021-12-15T17:46:53","slug":"information-request-budget","status":"publish","type":"page","link":"https:\/\/soundbooking.pt\/en\/information-request-budget\/","title":{"rendered":"Information Request \/ Budget"},"content":{"rendered":"<div class=\"fusion-fullwidth fullwidth-box fusion-builder-row-1 nonhundred-percent-fullwidth non-hundred-percent-height-scrolling\" style=\"--awb-border-radius-top-left:0px;--awb-border-radius-top-right:0px;--awb-border-radius-bottom-right:0px;--awb-border-radius-bottom-left:0px;--awb-background-color:rgba(36,36,36,0);--awb-flex-wrap:wrap;\" ><div class=\"fusion-builder-row fusion-row\"><div class=\"fusion-layout-column fusion_builder_column fusion-builder-column-0 fusion_builder_column_1_1 1_1 fusion-one-full fusion-column-first fusion-column-last\" style=\"--awb-padding-top:20px;--awb-padding-right:30px;--awb-padding-bottom:10px;--awb-padding-left:30px;--awb-overflow:hidden;--awb-bg-size:cover;--awb-border-color:#f44336;--awb-border-top:3px;--awb-border-right:3px;--awb-border-bottom:3px;--awb-border-left:3px;--awb-border-style:solid;--awb-border-radius:15px 15px 15px 15px;\"><div class=\"fusion-column-wrapper fusion-column-has-shadow fusion-flex-column-wrapper-legacy\"><div class=\"fusion-title title fusion-title-1 sep-underline sep-solid fusion-title-center fusion-title-text fusion-title-size-two\" style=\"--awb-margin-top:10px;--awb-margin-bottom:20px;\"><h2 class=\"fusion-title-heading title-heading-center fusion-responsive-typography-calculated\" style=\"margin:0;--fontSize:33;line-height:1.4;\"><p style=\"text-align: center;\">Information Request \/ Budget<\/p><\/h2><\/div><div class=\"fusion-text fusion-text-1\">\n<div class=\"wpcf7 no-js\" id=\"wpcf7-f6152-o1\" lang=\"en-US\" dir=\"ltr\" data-wpcf7-id=\"6152\">\n<div class=\"screen-reader-response\"><p role=\"status\" aria-live=\"polite\" aria-atomic=\"true\"><\/p> <ul><\/ul><\/div>\n<form action=\"\/en\/wp-json\/wp\/v2\/pages\/6283#wpcf7-f6152-o1\" method=\"post\" class=\"wpcf7-form init\" aria-label=\"Contact form\" novalidate=\"novalidate\" data-status=\"init\">\n<fieldset class=\"hidden-fields-container\"><input type=\"hidden\" name=\"_wpcf7\" value=\"6152\" \/><input type=\"hidden\" name=\"_wpcf7_version\" value=\"6.1.5\" \/><input type=\"hidden\" name=\"_wpcf7_locale\" value=\"en_US\" \/><input type=\"hidden\" name=\"_wpcf7_unit_tag\" value=\"wpcf7-f6152-o1\" \/><input type=\"hidden\" name=\"_wpcf7_container_post\" value=\"0\" \/><input type=\"hidden\" name=\"_wpcf7_posted_data_hash\" value=\"\" \/><input type=\"hidden\" name=\"_wpcf7cf_hidden_group_fields\" value=\"[]\" \/><input type=\"hidden\" name=\"_wpcf7cf_hidden_groups\" value=\"[]\" \/><input type=\"hidden\" name=\"_wpcf7cf_visible_groups\" value=\"[]\" \/><input type=\"hidden\" name=\"_wpcf7cf_repeaters\" value=\"[]\" \/><input type=\"hidden\" name=\"_wpcf7cf_steps\" value=\"{}\" \/><input type=\"hidden\" name=\"_wpcf7cf_options\" value=\"{&quot;form_id&quot;:6152,&quot;conditions&quot;:[],&quot;settings&quot;:{&quot;animation&quot;:&quot;yes&quot;,&quot;animation_intime&quot;:200,&quot;animation_outtime&quot;:200,&quot;conditions_ui&quot;:&quot;normal&quot;,&quot;notice_dismissed&quot;:false,&quot;notice_dismissed_rollback-cf7-5.5.6&quot;:true}}\" \/><input type=\"hidden\" name=\"_wpcf7_recaptcha_response\" value=\"\" \/>\n<\/fieldset>\n<p><label> Name: * <span class=\"wpcf7-form-control-wrap\" data-name=\"your-name\"><input size=\"40\" maxlength=\"400\" class=\"wpcf7-form-control wpcf7-text wpcf7-validates-as-required\" aria-required=\"true\" aria-invalid=\"false\" value=\"\" type=\"text\" name=\"your-name\" \/><\/span> <\/label>\n<\/p>\n<p><label> Email: * <span class=\"wpcf7-form-control-wrap\" data-name=\"your-email\"><input size=\"40\" maxlength=\"400\" class=\"wpcf7-form-control wpcf7-email wpcf7-validates-as-required wpcf7-text wpcf7-validates-as-email\" aria-required=\"true\" aria-invalid=\"false\" value=\"\" type=\"email\" name=\"your-email\" \/><\/span> <\/label>\n<\/p>\n<p><label> Date: <span class=\"wpcf7-form-control-wrap\" data-name=\"date-253\"><input class=\"wpcf7-form-control wpcf7-date wpcf7-validates-as-date\" aria-invalid=\"false\" value=\"\" type=\"date\" name=\"date-253\" \/><\/span> <\/label>\n<\/p>\n<p><label> Where: <span class=\"wpcf7-form-control-wrap\" data-name=\"text-598\"><input size=\"40\" maxlength=\"400\" class=\"wpcf7-form-control wpcf7-text\" aria-invalid=\"false\" value=\"\" type=\"text\" name=\"text-598\" \/><\/span> <\/label>\n<\/p>\n<p>Event:<br \/>\n<span class=\"wpcf7-form-control-wrap\" data-name=\"checkbox-81\"><span class=\"wpcf7-form-control wpcf7-checkbox\"><span class=\"wpcf7-list-item first\"><input type=\"checkbox\" name=\"checkbox-81[]\" value=\"Casamento \/ Batisado\" \/><span class=\"wpcf7-list-item-label\">Casamento \/ Batisado<\/span><\/span><span class=\"wpcf7-list-item\"><input type=\"checkbox\" name=\"checkbox-81[]\" value=\"Festival \/ Concerto\" \/><span class=\"wpcf7-list-item-label\">Festival \/ Concerto<\/span><\/span><span class=\"wpcf7-list-item\"><input type=\"checkbox\" name=\"checkbox-81[]\" value=\"Corporativo\" \/><span class=\"wpcf7-list-item-label\">Corporativo<\/span><\/span><span class=\"wpcf7-list-item\"><input type=\"checkbox\" name=\"checkbox-81[]\" value=\"Bar \/ Discoteca\" \/><span class=\"wpcf7-list-item-label\">Bar \/ Discoteca<\/span><\/span><span class=\"wpcf7-list-item\"><input type=\"checkbox\" name=\"checkbox-81[]\" value=\"Feira\" \/><span class=\"wpcf7-list-item-label\">Feira<\/span><\/span><span class=\"wpcf7-list-item last\"><input type=\"checkbox\" name=\"checkbox-81[]\" value=\"Teatro\" \/><span class=\"wpcf7-list-item-label\">Teatro<\/span><\/span><\/span><\/span>\n<\/p>\n<p>Equipment\/Services:<br \/>\n<span class=\"wpcf7-form-control-wrap\" data-name=\"checkbox-82\"><span class=\"wpcf7-form-control wpcf7-checkbox\"><span class=\"wpcf7-list-item first\"><input type=\"checkbox\" name=\"checkbox-82[]\" value=\"Staff \/ T\u00e9cnicos\" \/><span class=\"wpcf7-list-item-label\">Staff \/ T\u00e9cnicos<\/span><\/span><span class=\"wpcf7-list-item\"><input type=\"checkbox\" name=\"checkbox-82[]\" value=\"Aluguer Som\" \/><span class=\"wpcf7-list-item-label\">Aluguer Som<\/span><\/span><span class=\"wpcf7-list-item\"><input type=\"checkbox\" name=\"checkbox-82[]\" value=\"Aluguer Luz\" \/><span class=\"wpcf7-list-item-label\">Aluguer Luz<\/span><\/span><span class=\"wpcf7-list-item\"><input type=\"checkbox\" name=\"checkbox-82[]\" value=\"Aluguer Equipamento DJ\" \/><span class=\"wpcf7-list-item-label\">Aluguer Equipamento DJ<\/span><\/span><span class=\"wpcf7-list-item\"><input type=\"checkbox\" name=\"checkbox-82[]\" value=\"Estruturas e Decora\u00e7\u00e3o\" \/><span class=\"wpcf7-list-item-label\">Estruturas e Decora\u00e7\u00e3o<\/span><\/span><span class=\"wpcf7-list-item last\"><input type=\"checkbox\" name=\"checkbox-82[]\" value=\"Booking de Artistas\" \/><span class=\"wpcf7-list-item-label\">Booking de Artistas<\/span><\/span><\/span><\/span>\n<\/p>\n<p><label> Message:<br \/>\n<span class=\"wpcf7-form-control-wrap\" data-name=\"your-message\"><textarea cols=\"40\" rows=\"10\" maxlength=\"2000\" class=\"wpcf7-form-control wpcf7-textarea\" aria-invalid=\"false\" name=\"your-message\"><\/textarea><\/span> <\/label>\n<\/p>\n<p><input class=\"wpcf7-form-control wpcf7-submit has-spinner\" type=\"submit\" value=\"Enviar\" \/>\n<\/p><div class=\"fusion-alert alert custom alert-custom fusion-alert-center wpcf7-response-output fusion-alert-capitalize awb-alert-native-link-color alert-dismissable awb-alert-close-boxed\" style=\"--awb-border-top-left-radius:0px;--awb-border-top-right-radius:0px;--awb-border-bottom-left-radius:0px;--awb-border-bottom-right-radius:0px;\" role=\"alert\"><div class=\"fusion-alert-content-wrapper\"><span class=\"fusion-alert-content\"><\/span><\/div><button type=\"button\" class=\"close toggle-alert\" data-dismiss=\"alert\" aria-label=\"Close\">&times;<\/button><\/div>\n<\/form>\n<\/div>\n\n<\/div><div class=\"fusion-clearfix\"><\/div><\/div><\/div><\/div><\/div>\n","protected":false},"excerpt":{"rendered":"","protected":false},"author":3,"featured_media":0,"parent":0,"menu_order":0,"comment_status":"closed","ping_status":"closed","template":"","meta":{"footnotes":""},"class_list":["post-6283","page","type-page","status-publish","hentry"],"yoast_head":"<!-- This site is optimized with the Yoast SEO plugin v27.0 - https:\/\/yoast.com\/product\/yoast-seo-wordpress\/ -->\n<title>Soundbooking - Solu\u00e7\u00f5es Audiovisuais - Information Request \/ Budget<\/title>\n<meta name=\"description\" content=\"Information Request \/ Budget - Solu\u00e7\u00f5es Audiovisuais para Eventos. Entre em contacto e conhe\u00e7a a nossa cota\u00e7\u00e3o - +351 915 906 989 - info@soundbooking.pt\" \/>\n<meta name=\"robots\" content=\"index, follow, max-snippet:-1, max-image-preview:large, max-video-preview:-1\" \/>\n<link rel=\"canonical\" href=\"https:\/\/soundbooking.pt\/en\/information-request-budget\/\" \/>\n<meta property=\"og:locale\" content=\"en_US\" \/>\n<meta property=\"og:type\" content=\"article\" \/>\n<meta property=\"og:title\" content=\"Soundbooking - Solu\u00e7\u00f5es Audiovisuais - Information Request \/ Budget\" \/>\n<meta property=\"og:description\" content=\"Information Request \/ Budget - Solu\u00e7\u00f5es Audiovisuais para Eventos. Entre em contacto e conhe\u00e7a a nossa cota\u00e7\u00e3o - +351 915 906 989 - info@soundbooking.pt\" \/>\n<meta property=\"og:url\" content=\"https:\/\/soundbooking.pt\/en\/information-request-budget\/\" \/>\n<meta property=\"og:site_name\" content=\"Soundbooking\" \/>\n<meta property=\"article:publisher\" content=\"https:\/\/www.facebook.com\/soundbookingportugal\/\" \/>\n<meta property=\"article:modified_time\" content=\"2021-12-15T17:46:53+00:00\" \/>\n<meta name=\"twitter:card\" content=\"summary_large_image\" \/>\n<meta name=\"twitter:label1\" content=\"Est. reading time\" \/>\n\t<meta name=\"twitter:data1\" content=\"3 minutes\" \/>\n<script type=\"application\/ld+json\" class=\"yoast-schema-graph\">{\"@context\":\"https:\/\/schema.org\",\"@graph\":[{\"@type\":\"WebPage\",\"@id\":\"https:\/\/soundbooking.pt\/en\/information-request-budget\/\",\"url\":\"https:\/\/soundbooking.pt\/en\/information-request-budget\/\",\"name\":\"Soundbooking - Solu\u00e7\u00f5es Audiovisuais - Information Request \/ Budget\",\"isPartOf\":{\"@id\":\"https:\/\/soundbooking.pt\/en\/#website\"},\"datePublished\":\"2021-12-15T17:46:51+00:00\",\"dateModified\":\"2021-12-15T17:46:53+00:00\",\"description\":\"Information Request \/ Budget - Solu\u00e7\u00f5es Audiovisuais para Eventos. Entre em contacto e conhe\u00e7a a nossa cota\u00e7\u00e3o - +351 915 906 989 - info@soundbooking.pt\",\"breadcrumb\":{\"@id\":\"https:\/\/soundbooking.pt\/en\/information-request-budget\/#breadcrumb\"},\"inLanguage\":\"en-US\",\"potentialAction\":[{\"@type\":\"ReadAction\",\"target\":[\"https:\/\/soundbooking.pt\/en\/information-request-budget\/\"]}]},{\"@type\":\"BreadcrumbList\",\"@id\":\"https:\/\/soundbooking.pt\/en\/information-request-budget\/#breadcrumb\",\"itemListElement\":[{\"@type\":\"ListItem\",\"position\":1,\"name\":\"In\u00edcio\",\"item\":\"https:\/\/soundbooking.pt\/en\/soundbooking-rental-dj-equipment-sound-and-light-audiovisual-services\/\"},{\"@type\":\"ListItem\",\"position\":2,\"name\":\"Information Request \/ Budget\"}]},{\"@type\":\"WebSite\",\"@id\":\"https:\/\/soundbooking.pt\/en\/#website\",\"url\":\"https:\/\/soundbooking.pt\/en\/\",\"name\":\"Soundbooking\",\"description\":\"Aluguer de Equipamentos e Servi\u00e7os Audiovisuais\",\"publisher\":{\"@id\":\"https:\/\/soundbooking.pt\/en\/#organization\"},\"potentialAction\":[{\"@type\":\"SearchAction\",\"target\":{\"@type\":\"EntryPoint\",\"urlTemplate\":\"https:\/\/soundbooking.pt\/en\/?s={search_term_string}\"},\"query-input\":{\"@type\":\"PropertyValueSpecification\",\"valueRequired\":true,\"valueName\":\"search_term_string\"}}],\"inLanguage\":\"en-US\"},{\"@type\":\"Organization\",\"@id\":\"https:\/\/soundbooking.pt\/en\/#organization\",\"name\":\"Soundbooking\",\"url\":\"https:\/\/soundbooking.pt\/en\/\",\"logo\":{\"@type\":\"ImageObject\",\"inLanguage\":\"en-US\",\"@id\":\"https:\/\/soundbooking.pt\/en\/#\/schema\/logo\/image\/\",\"url\":\"https:\/\/soundbooking.pt\/wp-content\/uploads\/2019\/03\/SB_LOGO-Quadrado.jpg\",\"contentUrl\":\"https:\/\/soundbooking.pt\/wp-content\/uploads\/2019\/03\/SB_LOGO-Quadrado.jpg\",\"width\":1500,\"height\":1500,\"caption\":\"Soundbooking\"},\"image\":{\"@id\":\"https:\/\/soundbooking.pt\/en\/#\/schema\/logo\/image\/\"},\"sameAs\":[\"https:\/\/www.facebook.com\/soundbookingportugal\/\",\"https:\/\/www.instagram.com\/soundbooking.pt\/\",\"https:\/\/www.youtube.com\/channel\/UCOd9O03Gv4_DL-VXcDV4PJg\"]}]}<\/script>\n<!-- \/ Yoast SEO plugin. -->","yoast_head_json":{"title":"Soundbooking - Solu\u00e7\u00f5es Audiovisuais - Information Request \/ Budget","description":"Information Request \/ Budget - Solu\u00e7\u00f5es Audiovisuais para Eventos. Entre em contacto e conhe\u00e7a a nossa cota\u00e7\u00e3o - +351 915 906 989 - info@soundbooking.pt","robots":{"index":"index","follow":"follow","max-snippet":"max-snippet:-1","max-image-preview":"max-image-preview:large","max-video-preview":"max-video-preview:-1"},"canonical":"https:\/\/soundbooking.pt\/en\/information-request-budget\/","og_locale":"en_US","og_type":"article","og_title":"Soundbooking - Solu\u00e7\u00f5es Audiovisuais - Information Request \/ Budget","og_description":"Information Request \/ Budget - Solu\u00e7\u00f5es Audiovisuais para Eventos. Entre em contacto e conhe\u00e7a a nossa cota\u00e7\u00e3o - +351 915 906 989 - info@soundbooking.pt","og_url":"https:\/\/soundbooking.pt\/en\/information-request-budget\/","og_site_name":"Soundbooking","article_publisher":"https:\/\/www.facebook.com\/soundbookingportugal\/","article_modified_time":"2021-12-15T17:46:53+00:00","twitter_card":"summary_large_image","twitter_misc":{"Est. reading time":"3 minutes"},"schema":{"@context":"https:\/\/schema.org","@graph":[{"@type":"WebPage","@id":"https:\/\/soundbooking.pt\/en\/information-request-budget\/","url":"https:\/\/soundbooking.pt\/en\/information-request-budget\/","name":"Soundbooking - Solu\u00e7\u00f5es Audiovisuais - Information Request \/ Budget","isPartOf":{"@id":"https:\/\/soundbooking.pt\/en\/#website"},"datePublished":"2021-12-15T17:46:51+00:00","dateModified":"2021-12-15T17:46:53+00:00","description":"Information Request \/ Budget - Solu\u00e7\u00f5es Audiovisuais para Eventos. Entre em contacto e conhe\u00e7a a nossa cota\u00e7\u00e3o - +351 915 906 989 - info@soundbooking.pt","breadcrumb":{"@id":"https:\/\/soundbooking.pt\/en\/information-request-budget\/#breadcrumb"},"inLanguage":"en-US","potentialAction":[{"@type":"ReadAction","target":["https:\/\/soundbooking.pt\/en\/information-request-budget\/"]}]},{"@type":"BreadcrumbList","@id":"https:\/\/soundbooking.pt\/en\/information-request-budget\/#breadcrumb","itemListElement":[{"@type":"ListItem","position":1,"name":"In\u00edcio","item":"https:\/\/soundbooking.pt\/en\/soundbooking-rental-dj-equipment-sound-and-light-audiovisual-services\/"},{"@type":"ListItem","position":2,"name":"Information Request \/ Budget"}]},{"@type":"WebSite","@id":"https:\/\/soundbooking.pt\/en\/#website","url":"https:\/\/soundbooking.pt\/en\/","name":"Soundbooking","description":"Aluguer de Equipamentos e Servi\u00e7os Audiovisuais","publisher":{"@id":"https:\/\/soundbooking.pt\/en\/#organization"},"potentialAction":[{"@type":"SearchAction","target":{"@type":"EntryPoint","urlTemplate":"https:\/\/soundbooking.pt\/en\/?s={search_term_string}"},"query-input":{"@type":"PropertyValueSpecification","valueRequired":true,"valueName":"search_term_string"}}],"inLanguage":"en-US"},{"@type":"Organization","@id":"https:\/\/soundbooking.pt\/en\/#organization","name":"Soundbooking","url":"https:\/\/soundbooking.pt\/en\/","logo":{"@type":"ImageObject","inLanguage":"en-US","@id":"https:\/\/soundbooking.pt\/en\/#\/schema\/logo\/image\/","url":"https:\/\/soundbooking.pt\/wp-content\/uploads\/2019\/03\/SB_LOGO-Quadrado.jpg","contentUrl":"https:\/\/soundbooking.pt\/wp-content\/uploads\/2019\/03\/SB_LOGO-Quadrado.jpg","width":1500,"height":1500,"caption":"Soundbooking"},"image":{"@id":"https:\/\/soundbooking.pt\/en\/#\/schema\/logo\/image\/"},"sameAs":["https:\/\/www.facebook.com\/soundbookingportugal\/","https:\/\/www.instagram.com\/soundbooking.pt\/","https:\/\/www.youtube.com\/channel\/UCOd9O03Gv4_DL-VXcDV4PJg"]}]}},"_links":{"self":[{"href":"https:\/\/soundbooking.pt\/en\/wp-json\/wp\/v2\/pages\/6283","targetHints":{"allow":["GET"]}}],"collection":[{"href":"https:\/\/soundbooking.pt\/en\/wp-json\/wp\/v2\/pages"}],"about":[{"href":"https:\/\/soundbooking.pt\/en\/wp-json\/wp\/v2\/types\/page"}],"author":[{"embeddable":true,"href":"https:\/\/soundbooking.pt\/en\/wp-json\/wp\/v2\/users\/3"}],"replies":[{"embeddable":true,"href":"https:\/\/soundbooking.pt\/en\/wp-json\/wp\/v2\/comments?post=6283"}],"version-history":[{"count":0,"href":"https:\/\/soundbooking.pt\/en\/wp-json\/wp\/v2\/pages\/6283\/revisions"}],"wp:attachment":[{"href":"https:\/\/soundbooking.pt\/en\/wp-json\/wp\/v2\/media?parent=6283"}],"curies":[{"name":"wp","href":"https:\/\/api.w.org\/{rel}","templated":true}]}}