{"id":6286,"date":"2021-12-15T17:52:17","date_gmt":"2021-12-15T17:52:17","guid":{"rendered":"https:\/\/soundbooking.pt\/equipment\/lighting\/"},"modified":"2024-10-16T13:33:32","modified_gmt":"2024-10-16T13:33:32","slug":"lighting","status":"publish","type":"page","link":"https:\/\/soundbooking.pt\/en\/equipment\/lighting\/","title":{"rendered":"LIGHTING"},"content":{"rendered":"<p><div class=\"fusion-fullwidth fullwidth-box fusion-builder-row-1 nonhundred-percent-fullwidth non-hundred-percent-height-scrolling\" style=\"--awb-border-radius-top-left:0px;--awb-border-radius-top-right:0px;--awb-border-radius-bottom-right:0px;--awb-border-radius-bottom-left:0px;--awb-padding-top:25px;--awb-padding-right:10%;--awb-padding-bottom:25px;--awb-padding-left:10%;--awb-margin-top:25px;--awb-margin-bottom:25px;--awb-background-color:rgba(36,36,36,0);--awb-flex-wrap:wrap;\" ><div class=\"fusion-builder-row fusion-row\"><div class=\"fusion-layout-column fusion_builder_column fusion-builder-column-0 fusion_builder_column_1_1 1_1 fusion-one-full fusion-column-first fusion-column-last\" style=\"--awb-bg-size:cover;\"><div class=\"fusion-column-wrapper fusion-flex-column-wrapper-legacy\"><div class=\"fusion-sep-clear\"><\/div><div class=\"fusion-separator\" style=\"margin-left: auto;margin-right: auto;margin-top:0px;margin-bottom:15px;width:100%;max-width:50%;\"><div class=\"fusion-separator-border sep-single sep-solid\" style=\"--awb-height:20px;--awb-amount:20px;border-color:#f44336;border-top-width:4px;\"><\/div><\/div><div class=\"fusion-sep-clear\"><\/div><div class=\"fusion-title title fusion-title-1 fusion-sep-none fusion-title-center fusion-title-text fusion-title-size-one\" style=\"--awb-margin-top:0px;--awb-margin-bottom:0px;\"><h1 class=\"fusion-title-heading title-heading-center fusion-responsive-typography-calculated\" style=\"margin:0;--fontSize:48;line-height:1.5;\"><p style=\"text-align: center;\"><span style=\"color: #ffffff;\">Lighting<\/span><\/p><\/h1><\/div><div class=\"fusion-clearfix\"><\/div><\/div><\/div><\/div><\/div><div class=\"fusion-fullwidth fullwidth-box fusion-builder-row-2 nonhundred-percent-fullwidth non-hundred-percent-height-scrolling\" style=\"--awb-border-radius-top-left:0px;--awb-border-radius-top-right:0px;--awb-border-radius-bottom-right:0px;--awb-border-radius-bottom-left:0px;--awb-margin-top:0px;--awb-margin-bottom:0px;--awb-background-color:rgba(36,36,36,0);--awb-flex-wrap:wrap;\" ><div class=\"fusion-builder-row fusion-row\"><div class=\"fusion-layout-column fusion_builder_column fusion-builder-column-1 fusion_builder_column_1_1 1_1 fusion-one-full fusion-column-first fusion-column-last\" style=\"--awb-bg-size:cover;\"><div class=\"fusion-column-wrapper fusion-flex-column-wrapper-legacy\"><div class=\"fusion-clearfix\"><\/div><\/div><\/div><\/div><\/div><div class=\"fusion-fullwidth fullwidth-box fusion-builder-row-3 nonhundred-percent-fullwidth non-hundred-percent-height-scrolling\" style=\"--awb-border-radius-top-left:0px;--awb-border-radius-top-right:0px;--awb-border-radius-bottom-right:0px;--awb-border-radius-bottom-left:0px;--awb-padding-top:0px;--awb-padding-right:5%;--awb-padding-bottom:25px;--awb-padding-left:5%;--awb-margin-top:0px;--awb-margin-bottom:25px;--awb-background-color:rgba(36,36,36,0);--awb-flex-wrap:wrap;\" ><div class=\"fusion-builder-row fusion-row\"><div class=\"fusion-layout-column fusion_builder_column fusion-builder-column-2 fusion_builder_column_1_1 1_1 fusion-one-full fusion-column-first fusion-column-last\" style=\"--awb-bg-size:cover;--awb-margin-top:60px;\"><div class=\"fusion-column-wrapper fusion-column-has-shadow fusion-flex-column-wrapper-legacy\"><div class=\"fusion-aligncenter\"><a class=\"fusion-button button-flat button-xlarge button-default fusion-button-default button-1 fusion-button-default-span fusion-button-default-type\" target=\"_self\" href=\"https:\/\/soundbooking.pt\/en\/information-request-budget\/\"><span class=\"fusion-button-text awb-button__text awb-button__text--default\">More Information<\/span><\/a><\/div><div class=\"fusion-title title fusion-title-2 fusion-sep-none fusion-title-center fusion-title-text fusion-title-size-three\" style=\"--awb-margin-bottom:50px;\"><h3 class=\"fusion-title-heading title-heading-center fusion-responsive-typography-calculated\" style=\"margin:0;--fontSize:22;--minFontSize:22;line-height:1.5;\"><p style=\"text-align: center;\">Moving Head 500 \u25cf Moving Head 250 \u25cf Barrad Led \u25cf Laserworld Green 4k \u25cf Laserworld CD 1000 RGB \u25cf M\u00e1quinas de Fumo \u25cf Mesas de Luz \u25cf Strobes<\/p><\/h3><\/div><div class=\"fusion-sep-clear\"><\/div><div class=\"fusion-separator\" style=\"margin-left: auto;margin-right: auto;margin-top:0px;margin-bottom:25px;width:100%;max-width:50%;\"><div class=\"fusion-separator-border sep-single sep-solid\" style=\"--awb-height:20px;--awb-amount:20px;border-color:#f44336;border-top-width:4px;\"><\/div><\/div><div class=\"fusion-sep-clear\"><\/div><div class=\"fusion-text fusion-text-1\"><p class=\"p1\" style=\"text-align: center;\">With Soundbooking you will certainly enjoy a quality service. We are an Audiovisual equipment and services company that offers the best solutions on the market. Find out about our<b>Lighting<\/b> equipment and our<b>Light<\/b><b>Tables, from brands such as Avolites and MA Lightning<b>.<\/b><\/b><\/p>\n<p class=\"p1\" style=\"text-align: center;\">We have a wide range of offers to respond to all the technical needs of your event. <a href=\"https:\/\/soundbooking.pt\/en\/contacts\/\">Get in touch with us<\/a> to find out our best quote. With a team of light and sound technicians with proven experience in the services we offer, we are able to make any dream come true. We take care of the audiovisuals while you enjoy the event. You can count on our quality guarantee that will certainly give your event even more life.<\/p>\n<p class=\"p1\" style=\"text-align: center;\">Find us on <a href=\"https:\/\/www.facebook.com\/soundbookingportugal\/\">Facebook<\/a> or in person at Moveme Business Park, Rua Alminhas Manariz 95 &#8211; F03, 4510-480 F\u00e2nzeres, Gondomar.<\/p>\n<\/div><div class=\"fusion-clearfix\"><\/div><\/div><\/div><\/div><\/div><\/p>\n","protected":false},"excerpt":{"rendered":"","protected":false},"author":1,"featured_media":5718,"parent":6023,"menu_order":0,"comment_status":"closed","ping_status":"closed","template":"","meta":{"footnotes":""},"class_list":["post-6286","page","type-page","status-publish","has-post-thumbnail","hentry"],"yoast_head":"<!-- This site is optimized with the Yoast SEO plugin v27.0 - https:\/\/yoast.com\/product\/yoast-seo-wordpress\/ -->\n<title>LIGHTING - Soundbooking - Audiovisual Services for Live Events - Oporto<\/title>\n<meta name=\"description\" content=\"Audiovisual solutions with quality assurance. Dispomos das mais variadas solu\u00e7\u00f5es de Ilumina\u00e7\u00e3o para responder a todas as necessidades do seu evento.\" \/>\n<meta name=\"robots\" content=\"index, follow, max-snippet:-1, max-image-preview:large, max-video-preview:-1\" \/>\n<link rel=\"canonical\" href=\"https:\/\/soundbooking.pt\/en\/equipment\/lighting\/\" \/>\n<meta property=\"og:locale\" content=\"en_US\" \/>\n<meta property=\"og:type\" content=\"article\" \/>\n<meta property=\"og:title\" content=\"LIGHTING - Soundbooking - Audiovisual Services for Live Events - Oporto\" \/>\n<meta property=\"og:description\" content=\"Audiovisual solutions with quality assurance. Dispomos das mais variadas solu\u00e7\u00f5es de Ilumina\u00e7\u00e3o para responder a todas as necessidades do seu evento.\" \/>\n<meta property=\"og:url\" content=\"https:\/\/soundbooking.pt\/en\/equipment\/lighting\/\" \/>\n<meta property=\"og:site_name\" content=\"Soundbooking\" \/>\n<meta property=\"article:publisher\" content=\"https:\/\/www.facebook.com\/soundbookingportugal\/\" \/>\n<meta property=\"article:modified_time\" content=\"2024-10-16T13:33:32+00:00\" \/>\n<meta property=\"og:image\" content=\"https:\/\/soundbooking.pt\/wp-content\/uploads\/2019\/07\/iluminac\u0327a\u0303o.png\" \/>\n\t<meta property=\"og:image:width\" content=\"1200\" \/>\n\t<meta property=\"og:image:height\" content=\"630\" \/>\n\t<meta property=\"og:image:type\" content=\"image\/png\" \/>\n<meta name=\"twitter:card\" content=\"summary_large_image\" \/>\n<meta name=\"twitter:label1\" content=\"Est. reading time\" \/>\n\t<meta name=\"twitter:data1\" content=\"5 minutes\" \/>\n<script type=\"application\/ld+json\" class=\"yoast-schema-graph\">{\"@context\":\"https:\/\/schema.org\",\"@graph\":[{\"@type\":\"WebPage\",\"@id\":\"https:\/\/soundbooking.pt\/en\/equipment\/lighting\/\",\"url\":\"https:\/\/soundbooking.pt\/en\/equipment\/lighting\/\",\"name\":\"LIGHTING - Soundbooking - Audiovisual Services for Live Events - Oporto\",\"isPartOf\":{\"@id\":\"https:\/\/soundbooking.pt\/en\/#website\"},\"primaryImageOfPage\":{\"@id\":\"https:\/\/soundbooking.pt\/en\/equipment\/lighting\/#primaryimage\"},\"image\":{\"@id\":\"https:\/\/soundbooking.pt\/en\/equipment\/lighting\/#primaryimage\"},\"thumbnailUrl\":\"https:\/\/soundbooking.pt\/wp-content\/uploads\/2019\/07\/iluminac\u0327a\u0303o.png\",\"datePublished\":\"2021-12-15T17:52:17+00:00\",\"dateModified\":\"2024-10-16T13:33:32+00:00\",\"description\":\"Audiovisual solutions with quality assurance. Dispomos das mais variadas solu\u00e7\u00f5es de Ilumina\u00e7\u00e3o para responder a todas as necessidades do seu evento.\",\"breadcrumb\":{\"@id\":\"https:\/\/soundbooking.pt\/en\/equipment\/lighting\/#breadcrumb\"},\"inLanguage\":\"en-US\",\"potentialAction\":[{\"@type\":\"ReadAction\",\"target\":[\"https:\/\/soundbooking.pt\/en\/equipment\/lighting\/\"]}]},{\"@type\":\"ImageObject\",\"inLanguage\":\"en-US\",\"@id\":\"https:\/\/soundbooking.pt\/en\/equipment\/lighting\/#primaryimage\",\"url\":\"https:\/\/soundbooking.pt\/wp-content\/uploads\/2019\/07\/iluminac\u0327a\u0303o.png\",\"contentUrl\":\"https:\/\/soundbooking.pt\/wp-content\/uploads\/2019\/07\/iluminac\u0327a\u0303o.png\",\"width\":1200,\"height\":630},{\"@type\":\"BreadcrumbList\",\"@id\":\"https:\/\/soundbooking.pt\/en\/equipment\/lighting\/#breadcrumb\",\"itemListElement\":[{\"@type\":\"ListItem\",\"position\":1,\"name\":\"In\u00edcio\",\"item\":\"https:\/\/soundbooking.pt\/en\/soundbooking-rental-dj-equipment-sound-and-light-audiovisual-services\/\"},{\"@type\":\"ListItem\",\"position\":2,\"name\":\"EQUIPMENT\",\"item\":\"https:\/\/soundbooking.pt\/en\/equipment\/\"},{\"@type\":\"ListItem\",\"position\":3,\"name\":\"LIGHTING\"}]},{\"@type\":\"WebSite\",\"@id\":\"https:\/\/soundbooking.pt\/en\/#website\",\"url\":\"https:\/\/soundbooking.pt\/en\/\",\"name\":\"Soundbooking\",\"description\":\"Aluguer de Equipamentos e Servi\u00e7os Audiovisuais\",\"publisher\":{\"@id\":\"https:\/\/soundbooking.pt\/en\/#organization\"},\"potentialAction\":[{\"@type\":\"SearchAction\",\"target\":{\"@type\":\"EntryPoint\",\"urlTemplate\":\"https:\/\/soundbooking.pt\/en\/?s={search_term_string}\"},\"query-input\":{\"@type\":\"PropertyValueSpecification\",\"valueRequired\":true,\"valueName\":\"search_term_string\"}}],\"inLanguage\":\"en-US\"},{\"@type\":\"Organization\",\"@id\":\"https:\/\/soundbooking.pt\/en\/#organization\",\"name\":\"Soundbooking\",\"url\":\"https:\/\/soundbooking.pt\/en\/\",\"logo\":{\"@type\":\"ImageObject\",\"inLanguage\":\"en-US\",\"@id\":\"https:\/\/soundbooking.pt\/en\/#\/schema\/logo\/image\/\",\"url\":\"https:\/\/soundbooking.pt\/wp-content\/uploads\/2019\/03\/SB_LOGO-Quadrado.jpg\",\"contentUrl\":\"https:\/\/soundbooking.pt\/wp-content\/uploads\/2019\/03\/SB_LOGO-Quadrado.jpg\",\"width\":1500,\"height\":1500,\"caption\":\"Soundbooking\"},\"image\":{\"@id\":\"https:\/\/soundbooking.pt\/en\/#\/schema\/logo\/image\/\"},\"sameAs\":[\"https:\/\/www.facebook.com\/soundbookingportugal\/\",\"https:\/\/www.instagram.com\/soundbooking.pt\/\",\"https:\/\/www.youtube.com\/channel\/UCOd9O03Gv4_DL-VXcDV4PJg\"]}]}<\/script>\n<!-- \/ Yoast SEO plugin. -->","yoast_head_json":{"title":"LIGHTING - Soundbooking - Audiovisual Services for Live Events - Oporto","description":"Audiovisual solutions with quality assurance. Dispomos das mais variadas solu\u00e7\u00f5es de Ilumina\u00e7\u00e3o para responder a todas as necessidades do seu evento.","robots":{"index":"index","follow":"follow","max-snippet":"max-snippet:-1","max-image-preview":"max-image-preview:large","max-video-preview":"max-video-preview:-1"},"canonical":"https:\/\/soundbooking.pt\/en\/equipment\/lighting\/","og_locale":"en_US","og_type":"article","og_title":"LIGHTING - Soundbooking - Audiovisual Services for Live Events - Oporto","og_description":"Audiovisual solutions with quality assurance. Dispomos das mais variadas solu\u00e7\u00f5es de Ilumina\u00e7\u00e3o para responder a todas as necessidades do seu evento.","og_url":"https:\/\/soundbooking.pt\/en\/equipment\/lighting\/","og_site_name":"Soundbooking","article_publisher":"https:\/\/www.facebook.com\/soundbookingportugal\/","article_modified_time":"2024-10-16T13:33:32+00:00","og_image":[{"width":1200,"height":630,"url":"https:\/\/soundbooking.pt\/wp-content\/uploads\/2019\/07\/iluminac\u0327a\u0303o.png","type":"image\/png"}],"twitter_card":"summary_large_image","twitter_misc":{"Est. reading time":"5 minutes"},"schema":{"@context":"https:\/\/schema.org","@graph":[{"@type":"WebPage","@id":"https:\/\/soundbooking.pt\/en\/equipment\/lighting\/","url":"https:\/\/soundbooking.pt\/en\/equipment\/lighting\/","name":"LIGHTING - Soundbooking - Audiovisual Services for Live Events - Oporto","isPartOf":{"@id":"https:\/\/soundbooking.pt\/en\/#website"},"primaryImageOfPage":{"@id":"https:\/\/soundbooking.pt\/en\/equipment\/lighting\/#primaryimage"},"image":{"@id":"https:\/\/soundbooking.pt\/en\/equipment\/lighting\/#primaryimage"},"thumbnailUrl":"https:\/\/soundbooking.pt\/wp-content\/uploads\/2019\/07\/iluminac\u0327a\u0303o.png","datePublished":"2021-12-15T17:52:17+00:00","dateModified":"2024-10-16T13:33:32+00:00","description":"Audiovisual solutions with quality assurance. Dispomos das mais variadas solu\u00e7\u00f5es de Ilumina\u00e7\u00e3o para responder a todas as necessidades do seu evento.","breadcrumb":{"@id":"https:\/\/soundbooking.pt\/en\/equipment\/lighting\/#breadcrumb"},"inLanguage":"en-US","potentialAction":[{"@type":"ReadAction","target":["https:\/\/soundbooking.pt\/en\/equipment\/lighting\/"]}]},{"@type":"ImageObject","inLanguage":"en-US","@id":"https:\/\/soundbooking.pt\/en\/equipment\/lighting\/#primaryimage","url":"https:\/\/soundbooking.pt\/wp-content\/uploads\/2019\/07\/iluminac\u0327a\u0303o.png","contentUrl":"https:\/\/soundbooking.pt\/wp-content\/uploads\/2019\/07\/iluminac\u0327a\u0303o.png","width":1200,"height":630},{"@type":"BreadcrumbList","@id":"https:\/\/soundbooking.pt\/en\/equipment\/lighting\/#breadcrumb","itemListElement":[{"@type":"ListItem","position":1,"name":"In\u00edcio","item":"https:\/\/soundbooking.pt\/en\/soundbooking-rental-dj-equipment-sound-and-light-audiovisual-services\/"},{"@type":"ListItem","position":2,"name":"EQUIPMENT","item":"https:\/\/soundbooking.pt\/en\/equipment\/"},{"@type":"ListItem","position":3,"name":"LIGHTING"}]},{"@type":"WebSite","@id":"https:\/\/soundbooking.pt\/en\/#website","url":"https:\/\/soundbooking.pt\/en\/","name":"Soundbooking","description":"Aluguer de Equipamentos e Servi\u00e7os Audiovisuais","publisher":{"@id":"https:\/\/soundbooking.pt\/en\/#organization"},"potentialAction":[{"@type":"SearchAction","target":{"@type":"EntryPoint","urlTemplate":"https:\/\/soundbooking.pt\/en\/?s={search_term_string}"},"query-input":{"@type":"PropertyValueSpecification","valueRequired":true,"valueName":"search_term_string"}}],"inLanguage":"en-US"},{"@type":"Organization","@id":"https:\/\/soundbooking.pt\/en\/#organization","name":"Soundbooking","url":"https:\/\/soundbooking.pt\/en\/","logo":{"@type":"ImageObject","inLanguage":"en-US","@id":"https:\/\/soundbooking.pt\/en\/#\/schema\/logo\/image\/","url":"https:\/\/soundbooking.pt\/wp-content\/uploads\/2019\/03\/SB_LOGO-Quadrado.jpg","contentUrl":"https:\/\/soundbooking.pt\/wp-content\/uploads\/2019\/03\/SB_LOGO-Quadrado.jpg","width":1500,"height":1500,"caption":"Soundbooking"},"image":{"@id":"https:\/\/soundbooking.pt\/en\/#\/schema\/logo\/image\/"},"sameAs":["https:\/\/www.facebook.com\/soundbookingportugal\/","https:\/\/www.instagram.com\/soundbooking.pt\/","https:\/\/www.youtube.com\/channel\/UCOd9O03Gv4_DL-VXcDV4PJg"]}]}},"_links":{"self":[{"href":"https:\/\/soundbooking.pt\/en\/wp-json\/wp\/v2\/pages\/6286","targetHints":{"allow":["GET"]}}],"collection":[{"href":"https:\/\/soundbooking.pt\/en\/wp-json\/wp\/v2\/pages"}],"about":[{"href":"https:\/\/soundbooking.pt\/en\/wp-json\/wp\/v2\/types\/page"}],"author":[{"embeddable":true,"href":"https:\/\/soundbooking.pt\/en\/wp-json\/wp\/v2\/users\/1"}],"replies":[{"embeddable":true,"href":"https:\/\/soundbooking.pt\/en\/wp-json\/wp\/v2\/comments?post=6286"}],"version-history":[{"count":0,"href":"https:\/\/soundbooking.pt\/en\/wp-json\/wp\/v2\/pages\/6286\/revisions"}],"up":[{"embeddable":true,"href":"https:\/\/soundbooking.pt\/en\/wp-json\/wp\/v2\/pages\/6023"}],"wp:featuredmedia":[{"embeddable":true,"href":"https:\/\/soundbooking.pt\/en\/wp-json\/wp\/v2\/media\/5718"}],"wp:attachment":[{"href":"https:\/\/soundbooking.pt\/en\/wp-json\/wp\/v2\/media?parent=6286"}],"curies":[{"name":"wp","href":"https:\/\/api.w.org\/{rel}","templated":true}]}}